{"id":1266,"date":"2024-04-10T17:16:32","date_gmt":"2024-04-10T16:16:32","guid":{"rendered":"https:\/\/www.deineruhigemitte.de\/?page_id=1266"},"modified":"2024-09-23T09:59:07","modified_gmt":"2024-09-23T08:59:07","slug":"angebote","status":"publish","type":"page","link":"https:\/\/www.deineruhigemitte.de\/?page_id=1266","title":{"rendered":"Angebote"},"content":{"rendered":"\n<div class=\"wp-block-columns is-layout-flex wp-container-core-columns-is-layout-9d6595d7 wp-block-columns-is-layout-flex\">\n<div class=\"wp-block-column is-layout-flow wp-block-column-is-layout-flow\">\n<h2 class=\"wp-block-heading\">        <a href=\"https:\/\/www.deineruhigemitte.de\/?page_id=6\" data-type=\"page\" data-id=\"6\">Akupunktur<\/a><\/h2>\n<\/div>\n\n\n\n<div class=\"wp-block-column is-layout-flow wp-block-column-is-layout-flow\">\n<h2 class=\"wp-block-heading\">      <a href=\"https:\/\/www.deineruhigemitte.de\/?page_id=93\" data-type=\"page\" data-id=\"93\">Tuina Massage<\/a><\/h2>\n<\/div>\n\n\n\n<div class=\"wp-block-column is-layout-flow wp-block-column-is-layout-flow\">\n<h2 class=\"wp-block-heading\">          <a href=\"https:\/\/www.deineruhigemitte.de\/?page_id=88\" data-type=\"page\" data-id=\"88\">Qi Gong<\/a><\/h2>\n<\/div>\n<\/div>\n\n\n\n<div class=\"wp-block-columns is-layout-flex wp-container-core-columns-is-layout-9d6595d7 wp-block-columns-is-layout-flex\">\n<div class=\"wp-block-column is-layout-flow wp-block-column-is-layout-flow\"><div class=\"wp-block-image\">\n<figure class=\"aligncenter size-large is-resized\"><img loading=\"lazy\" decoding=\"async\" width=\"768\" height=\"1024\" src=\"https:\/\/www.deineruhigemitte.de\/wp-content\/uploads\/2024\/04\/PXL_20230720_163228877.MP_-768x1024.jpg\" alt=\"\" class=\"wp-image-1274\" style=\"width:158px;height:auto\" srcset=\"https:\/\/www.deineruhigemitte.de\/wp-content\/uploads\/2024\/04\/PXL_20230720_163228877.MP_-768x1024.jpg 768w, https:\/\/www.deineruhigemitte.de\/wp-content\/uploads\/2024\/04\/PXL_20230720_163228877.MP_-225x300.jpg 225w, https:\/\/www.deineruhigemitte.de\/wp-content\/uploads\/2024\/04\/PXL_20230720_163228877.MP_-1152x1536.jpg 1152w, https:\/\/www.deineruhigemitte.de\/wp-content\/uploads\/2024\/04\/PXL_20230720_163228877.MP_-1536x2048.jpg 1536w, https:\/\/www.deineruhigemitte.de\/wp-content\/uploads\/2024\/04\/PXL_20230720_163228877.MP_-scaled.jpg 1920w\" sizes=\"auto, (max-width: 768px) 100vw, 768px\" \/><\/figure>\n<\/div><\/div>\n\n\n\n<div class=\"wp-block-column is-layout-flow wp-block-column-is-layout-flow\"><div class=\"wp-block-image\">\n<figure class=\"aligncenter size-large is-resized\"><img loading=\"lazy\" decoding=\"async\" width=\"644\" height=\"1024\" src=\"https:\/\/www.deineruhigemitte.de\/wp-content\/uploads\/2024\/04\/20230330_170119_HDR2-644x1024.jpg\" alt=\"\" class=\"wp-image-1276\" style=\"width:133px;height:auto\" srcset=\"https:\/\/www.deineruhigemitte.de\/wp-content\/uploads\/2024\/04\/20230330_170119_HDR2-644x1024.jpg 644w, https:\/\/www.deineruhigemitte.de\/wp-content\/uploads\/2024\/04\/20230330_170119_HDR2-189x300.jpg 189w, https:\/\/www.deineruhigemitte.de\/wp-content\/uploads\/2024\/04\/20230330_170119_HDR2-768x1222.jpg 768w, https:\/\/www.deineruhigemitte.de\/wp-content\/uploads\/2024\/04\/20230330_170119_HDR2-966x1536.jpg 966w, https:\/\/www.deineruhigemitte.de\/wp-content\/uploads\/2024\/04\/20230330_170119_HDR2-1288x2048.jpg 1288w, https:\/\/www.deineruhigemitte.de\/wp-content\/uploads\/2024\/04\/20230330_170119_HDR2-scaled.jpg 1610w\" sizes=\"auto, (max-width: 644px) 100vw, 644px\" \/><\/figure>\n<\/div><\/div>\n\n\n\n<div class=\"wp-block-column is-layout-flow wp-block-column-is-layout-flow\"><div class=\"wp-block-image\">\n<figure class=\"aligncenter size-large is-resized\"><img loading=\"lazy\" decoding=\"async\" width=\"576\" height=\"1024\" src=\"https:\/\/www.deineruhigemitte.de\/wp-content\/uploads\/2024\/04\/Brokat2.2-576x1024.jpg\" alt=\"\" class=\"wp-image-1277\" style=\"width:122px;height:auto\" srcset=\"https:\/\/www.deineruhigemitte.de\/wp-content\/uploads\/2024\/04\/Brokat2.2-576x1024.jpg 576w, https:\/\/www.deineruhigemitte.de\/wp-content\/uploads\/2024\/04\/Brokat2.2-169x300.jpg 169w, https:\/\/www.deineruhigemitte.de\/wp-content\/uploads\/2024\/04\/Brokat2.2-768x1364.jpg 768w, https:\/\/www.deineruhigemitte.de\/wp-content\/uploads\/2024\/04\/Brokat2.2-865x1536.jpg 865w, https:\/\/www.deineruhigemitte.de\/wp-content\/uploads\/2024\/04\/Brokat2.2-1153x2048.jpg 1153w, https:\/\/www.deineruhigemitte.de\/wp-content\/uploads\/2024\/04\/Brokat2.2.jpg 1302w\" sizes=\"auto, (max-width: 576px) 100vw, 576px\" \/><\/figure>\n<\/div><\/div>\n<\/div>\n\n\n\n<p>Hier k\u00f6nnen Sie sich genauer informieren was ich in meiner Praxis anbiete, viel Spa\u00df beim durchst\u00f6bern!<\/p>\n\n\n\n<p>Einfach auf den entsprechenden Begriff klicken und Sie werden weitergeleitet.<\/p>\n","protected":false},"excerpt":{"rendered":"<p>Akupunktur Tuina Massage Qi Gong Hier k\u00f6nnen Sie sich genauer informieren was ich in meiner&hellip;<\/p>\n","protected":false},"author":1,"featured_media":0,"parent":0,"menu_order":0,"comment_status":"closed","ping_status":"closed","template":"","meta":{"footnotes":""},"class_list":["post-1266","page","type-page","status-publish","hentry"],"_links":{"self":[{"href":"https:\/\/www.deineruhigemitte.de\/index.php?rest_route=\/wp\/v2\/pages\/1266","targetHints":{"allow":["GET"]}}],"collection":[{"href":"https:\/\/www.deineruhigemitte.de\/index.php?rest_route=\/wp\/v2\/pages"}],"about":[{"href":"https:\/\/www.deineruhigemitte.de\/index.php?rest_route=\/wp\/v2\/types\/page"}],"author":[{"embeddable":true,"href":"https:\/\/www.deineruhigemitte.de\/index.php?rest_route=\/wp\/v2\/users\/1"}],"replies":[{"embeddable":true,"href":"https:\/\/www.deineruhigemitte.de\/index.php?rest_route=%2Fwp%2Fv2%2Fcomments&post=1266"}],"version-history":[{"count":8,"href":"https:\/\/www.deineruhigemitte.de\/index.php?rest_route=\/wp\/v2\/pages\/1266\/revisions"}],"predecessor-version":[{"id":1343,"href":"https:\/\/www.deineruhigemitte.de\/index.php?rest_route=\/wp\/v2\/pages\/1266\/revisions\/1343"}],"wp:attachment":[{"href":"https:\/\/www.deineruhigemitte.de\/index.php?rest_route=%2Fwp%2Fv2%2Fmedia&parent=1266"}],"curies":[{"name":"wp","href":"https:\/\/api.w.org\/{rel}","templated":true}]}}