{"id":6,"date":"2019-10-05T12:02:14","date_gmt":"2019-10-05T12:02:14","guid":{"rendered":"http:\/\/massage-ostsee.com\/?page_id=6"},"modified":"2025-08-28T18:19:37","modified_gmt":"2025-08-28T17:19:37","slug":"behandlungen","status":"publish","type":"page","link":"https:\/\/www.deineruhigemitte.de\/?page_id=6","title":{"rendered":"Klassische Akupunktur in meiner Praxis"},"content":{"rendered":"\n<h3 class=\"wp-block-heading has-text-align-center\" id=\"cc-m-header-14744123624\"><mark style=\"background-color:rgba(0, 0, 0, 0)\" class=\"has-inline-color has-vivid-red-color\">&#8222;Leicht und Fein geschieht das Auswerfen und Assimilieren, das Qi wird geleitet und zur Harmonie gef\u00fchrt&#8220; <\/mark><\/h3>\n\n\n\n<h3 class=\"wp-block-heading has-text-align-center\" id=\"cc-m-header-14744123624\"><mark style=\"background-color:rgba(0, 0, 0, 0)\" class=\"has-inline-color has-black-color\">Zitat: Jiao Guorui<\/mark><\/h3>\n\n\n\n<h2 class=\"wp-block-heading\">Was ist Akupunktur?<\/h2>\n\n\n\n<p>Das Wort Akupunktur setzt sich aus den beiden lateinischen W\u00f6rtern \u201eAcus\u201c (Nadel) und \u201ePuncture\u201c (Stechen) zusammen. Es ist eine \u00fcber 3000 Jahre alte traditionelle Therapieform, die nach dem 2. Weltkrieg in Deutschland bekannt wurde und sich generell in den letzten Jahrzehnten in ganz Europa verbreitet hat. Die ersten Aufzeichnungen kann man aus dem chinesischen historischen Werk \u201eHuang Di Nei Jing\u201c, das ,,Lehrbuch des Gelben Kaisers\u201c entnehmen. Hier werden in Dialogform zwischen dem Kaiser und seinem Leibarzt die klassischen therapeutischen und diagnostischen Prinzipien der TCM beschrieben. Diese Prinzipien beinhalten die Akupunktur, Moxibustion, Schr\u00f6pfkopfbehandlung, sowie Zungen-, Puls-, und allgemeine Diagnostik in der TCM.<\/p>\n\n\n\n<p>Das Ziel in meiner Praxis ist es, mit den feinen Akupunkturnadeln einen Reiz zu setzen, um unsere Lebensenergie (Qi), innerhalb der Leitbahnen (Meridianen), in Fluss zu bringen. In Kombination mit dem Abbrennen von Beifu\u00df Kraut oder in Form einer geruchsneutraleren Zigarre, welche Moxibustion genannt wird, m\u00f6chte ich mit der W\u00e4rme, die \u00fcber die Nadel geleitet wird, f\u00fcr eine bessere Verteilung des Qi sorgen. Akupunktur mit Moxibustion ist eine klassische Kombination in der TCM.<\/p>\n\n\n\n<p>TCM ist f\u00fcr mich keine Symptombehandlung, sondern ich betrachte das Ganze am Menschen, seine inneren und \u00e4u\u00dferen Einfl\u00fcsse. Daraus entsteht f\u00fcr mich die Diagnose und Therapie.<\/p>\n\n\n\n<div class=\"wp-block-columns is-layout-flex wp-container-core-columns-is-layout-9d6595d7 wp-block-columns-is-layout-flex\">\n<div class=\"wp-block-column is-layout-flow wp-block-column-is-layout-flow\"><div class=\"wp-block-image\">\n<figure class=\"aligncenter size-large is-resized\"><img loading=\"lazy\" decoding=\"async\" width=\"768\" height=\"1024\" src=\"https:\/\/www.deineruhigemitte.de\/wp-content\/uploads\/2023\/12\/PXL_20230914_164417873-768x1024.jpg\" alt=\"\" class=\"wp-image-1173\" style=\"width:208px;height:auto\" srcset=\"https:\/\/www.deineruhigemitte.de\/wp-content\/uploads\/2023\/12\/PXL_20230914_164417873-768x1024.jpg 768w, https:\/\/www.deineruhigemitte.de\/wp-content\/uploads\/2023\/12\/PXL_20230914_164417873-225x300.jpg 225w, https:\/\/www.deineruhigemitte.de\/wp-content\/uploads\/2023\/12\/PXL_20230914_164417873-1152x1536.jpg 1152w, https:\/\/www.deineruhigemitte.de\/wp-content\/uploads\/2023\/12\/PXL_20230914_164417873-1536x2048.jpg 1536w, https:\/\/www.deineruhigemitte.de\/wp-content\/uploads\/2023\/12\/PXL_20230914_164417873-scaled.jpg 1920w\" sizes=\"auto, (max-width: 768px) 100vw, 768px\" \/><\/figure>\n<\/div><\/div>\n\n\n\n<div class=\"wp-block-column is-layout-flow wp-block-column-is-layout-flow\">\n<figure class=\"wp-block-image size-large is-resized\"><img loading=\"lazy\" decoding=\"async\" width=\"1024\" height=\"768\" src=\"https:\/\/www.deineruhigemitte.de\/wp-content\/uploads\/2023\/12\/PXL_20230720_163246249-1024x768.jpg\" alt=\"\" class=\"wp-image-1171\" style=\"width:323px;height:auto\" srcset=\"https:\/\/www.deineruhigemitte.de\/wp-content\/uploads\/2023\/12\/PXL_20230720_163246249-1024x768.jpg 1024w, https:\/\/www.deineruhigemitte.de\/wp-content\/uploads\/2023\/12\/PXL_20230720_163246249-300x225.jpg 300w, https:\/\/www.deineruhigemitte.de\/wp-content\/uploads\/2023\/12\/PXL_20230720_163246249-768x576.jpg 768w, https:\/\/www.deineruhigemitte.de\/wp-content\/uploads\/2023\/12\/PXL_20230720_163246249-1536x1152.jpg 1536w, https:\/\/www.deineruhigemitte.de\/wp-content\/uploads\/2023\/12\/PXL_20230720_163246249-2048x1536.jpg 2048w\" sizes=\"auto, (max-width: 1024px) 100vw, 1024px\" \/><\/figure>\n<\/div>\n<\/div>\n\n\n\n<h2 class=\"wp-block-heading\">Wof\u00fcr setze ich die Akupunktur ein?<\/h2>\n\n\n\n<p><\/p>\n\n\n\n<ul class=\"wp-block-list\">\n<li>Pr\u00e4vention zur Gesunderhaltung<\/li>\n\n\n\n<li>St\u00e4rkung des Immunsystems und des Verdauungstraktes (Beides h\u00e4ngt eng miteinander zusammen in der TCM)<\/li>\n\n\n\n<li>Muskelverspannungen, Schmerzen<\/li>\n\n\n\n<li>Etc.<\/li>\n<\/ul>\n\n\n\n<p>In meiner Praxis setze ich die Akupunktur begleitend und unterst\u00fctzend bei Erkrankungen ein. Die Philosophie der TCM besteht darin, den Menschen Gesund zu erhalten ohne erst Krankheit entstehen zu lassen. Deswegen freue ich mich auch \u00fcber jeden Menschen der mich aufsucht, der einer Krankheit vorbeugen m\u00f6chte. Das ist n\u00e4mlich Yang Shen, chinesische Lebenspflege. <\/p>\n\n\n\n<p>Die S\u00e4ulen der TCM in meiner Praxis bestehen aus: Akupunktur, Tuina, Qi Gong und Di\u00e4tetik<\/p>\n\n\n\n<p class=\"has-text-align-center\"><strong>Ich stelle weder Ferndiagnosen, noch kann ich Ihnen ein Heilversprechen geben!<\/strong><\/p>\n\n\n<div class=\"wp-block-image\">\n<figure class=\"aligncenter size-large is-resized\"><img loading=\"lazy\" decoding=\"async\" width=\"1024\" height=\"539\" src=\"https:\/\/www.deineruhigemitte.de\/wp-content\/uploads\/2023\/12\/PXL_20230718_1719175992-1024x539.jpg\" alt=\"\" class=\"wp-image-1177\" style=\"width:336px;height:auto\" srcset=\"https:\/\/www.deineruhigemitte.de\/wp-content\/uploads\/2023\/12\/PXL_20230718_1719175992-1024x539.jpg 1024w, https:\/\/www.deineruhigemitte.de\/wp-content\/uploads\/2023\/12\/PXL_20230718_1719175992-300x158.jpg 300w, https:\/\/www.deineruhigemitte.de\/wp-content\/uploads\/2023\/12\/PXL_20230718_1719175992-768x404.jpg 768w, https:\/\/www.deineruhigemitte.de\/wp-content\/uploads\/2023\/12\/PXL_20230718_1719175992-1536x808.jpg 1536w, https:\/\/www.deineruhigemitte.de\/wp-content\/uploads\/2023\/12\/PXL_20230718_1719175992-2048x1077.jpg 2048w\" sizes=\"auto, (max-width: 1024px) 100vw, 1024px\" \/><\/figure>\n<\/div>\n\n\n<h2 class=\"wp-block-heading\">Wie verl\u00e4uft eine Behandlung in meiner Praxis?<\/h2>\n\n\n\n<ul class=\"wp-block-list\">\n<li>Bei einem vereinbartem Ersttermin, wird ein ausf\u00fchrliches Anamnesegespr\u00e4ch durchgef\u00fchrt inklusive Puls,- und Zungendiagnostik. Ein Erstgespr\u00e4ch, um mir ein Bild von Ihnen zu machen, ist bei mir Voraussetzung, denn nur so kann ich die Ursache die hinter Ihren Symptomen liegt herausfinden <\/li>\n\n\n\n<li>Ich kl\u00e4re Sie \u00fcber Reaktionen und evtl. Nebenwirkungen auf und es gibt ein Infoblatt f\u00fcr Sie mit nach Hause, damit Sie sich nachtr\u00e4glich mit dem Thema befassen k\u00f6nnen<\/li>\n\n\n\n<li>Ich beziehe die chinesische Di\u00e4tetik (Ern\u00e4hrungsweise) mit ein und werde mir auch ein Bild \u00fcber die aktuelle Ern\u00e4hrung und Lebensweise machen<\/li>\n\n\n\n<li>Ggf. erg\u00e4nze ich die Akupunkturbehandlung mit anderen therapeutischen Ma\u00dfnahmen wie dem Schr\u00f6pfen, Guasha, der Moxibustion und der Tuina Massage. Die Behandlung wird immer individuell auf den Patienten abgestimmt<\/li>\n\n\n\n<li>2 Stunden vor der Sitzung bitte keine f\u00e4rbenden Lebensmittel (Kaffee, Lakritz\u2026) zu sich nehmen und bitte die Zunge vorher nicht putzen, damit die Zunge unbelastet f\u00fcr eine Diagnose ist. Eine Kleinigkeit vorher Essen und Trinken ist nat\u00fcrlich absolut ok<\/li>\n\n\n\n<li>In den Behandlungen verbleiben die Akupunkturnadeln ca. 20-30 Minuten im K\u00f6rper<\/li>\n\n\n\n<li>Nach den Behandlungen bitte ausreichend Trinken, nach M\u00f6glichkeit nach der ersten Behandlung         1 Stunde zu Hause ruhen und nachwirken lassen, da jeder Patient anders reagiert<\/li>\n<\/ul>\n\n\n\n<h2 class=\"wp-block-heading\">Wie viele Sitzungen sind n\u00f6tig?<\/h2>\n\n\n\n<ul class=\"wp-block-list\">\n<li>Der Abstand der Sitzungen richtet sich nach den Symptomen \u201eBiao\u201c (Bl\u00e4tter Symptome) und der dahinterstehenden Ursache \u201eBen\u201c (Wurzel\/Ursache). Ben und Biao, sind zwei Faktoren wonach ich in der Diagnostik schaue und die daf\u00fcr entsprechende individuelle Therapie entwickeln werde<\/li>\n\n\n\n<li>Akutstadium: 2-3 Behandlungen<\/li>\n\n\n\n<li>L\u00e4nger bestehend (aber noch nicht chronifiziert): 4-10 Behandlungen<\/li>\n\n\n\n<li>Chronisches Stadium (bestehend \u00fcber 3 Monate): 15-20 Behandlungen<\/li>\n\n\n\n<li>Wie bei Ihnen der weitere Behandlungsablauf w\u00e4re, kl\u00e4re ich mit Ihnen pers\u00f6nlich nach dem Anamnesegespr\u00e4ch am Ersttermin<\/li>\n<\/ul>\n\n\n\n<h6 class=\"wp-block-heading has-text-align-center\">Hier geht es Weiter:<\/h6>\n\n\n\n<div class=\"wp-block-buttons is-content-justification-center is-layout-flex wp-container-core-buttons-is-layout-16018d1d wp-block-buttons-is-layout-flex\">\n<div class=\"wp-block-button is-style-fill\"><a class=\"wp-block-button__link wp-element-button\" href=\"http:\/\/ramonaschmer.de\/?page_id=85\" style=\"border-radius:50px\" rel=\"?page_id=85\">Tuina Massage<\/a><\/div>\n\n\n\n<div class=\"wp-block-button is-style-fill\"><a class=\"wp-block-button__link wp-element-button\" href=\"http:\/\/ramonaschmer.de\/?page_id=93\">Herkunft der Tuina Massage<\/a><\/div>\n\n\n\n<div class=\"wp-block-button is-style-fill\"><a class=\"wp-block-button__link wp-element-button\" href=\"http:\/\/ramonaschmer.de\/?page_id=88\" style=\"border-radius:50px\">QI GONG<\/a><\/div>\n\n\n\n<div class=\"wp-block-button is-style-fill\"><a class=\"wp-block-button__link has-white-color has-text-color wp-element-button\" href=\"http:\/\/ramonaschmer.de\/?page_id=95\" style=\"border-radius:50px\">Die Formen des QI GONG<\/a><\/div>\n<\/div>\n\n\n\n<div style=\"height:26px\" aria-hidden=\"true\" class=\"wp-block-spacer\"><\/div>\n\n\n\n<p><\/p>\n","protected":false},"excerpt":{"rendered":"<p>&#8222;Leicht und Fein geschieht das Auswerfen und Assimilieren, das Qi wird geleitet und zur Harmonie&hellip;<\/p>\n","protected":false},"author":1,"featured_media":0,"parent":0,"menu_order":0,"comment_status":"closed","ping_status":"closed","template":"","meta":{"footnotes":""},"class_list":["post-6","page","type-page","status-publish","hentry"],"_links":{"self":[{"href":"https:\/\/www.deineruhigemitte.de\/index.php?rest_route=\/wp\/v2\/pages\/6","targetHints":{"allow":["GET"]}}],"collection":[{"href":"https:\/\/www.deineruhigemitte.de\/index.php?rest_route=\/wp\/v2\/pages"}],"about":[{"href":"https:\/\/www.deineruhigemitte.de\/index.php?rest_route=\/wp\/v2\/types\/page"}],"author":[{"embeddable":true,"href":"https:\/\/www.deineruhigemitte.de\/index.php?rest_route=\/wp\/v2\/users\/1"}],"replies":[{"embeddable":true,"href":"https:\/\/www.deineruhigemitte.de\/index.php?rest_route=%2Fwp%2Fv2%2Fcomments&post=6"}],"version-history":[{"count":79,"href":"https:\/\/www.deineruhigemitte.de\/index.php?rest_route=\/wp\/v2\/pages\/6\/revisions"}],"predecessor-version":[{"id":1409,"href":"https:\/\/www.deineruhigemitte.de\/index.php?rest_route=\/wp\/v2\/pages\/6\/revisions\/1409"}],"wp:attachment":[{"href":"https:\/\/www.deineruhigemitte.de\/index.php?rest_route=%2Fwp%2Fv2%2Fmedia&parent=6"}],"curies":[{"name":"wp","href":"https:\/\/api.w.org\/{rel}","templated":true}]}}