{"id":7,"date":"2019-10-05T12:02:14","date_gmt":"2019-10-05T12:02:14","guid":{"rendered":"http:\/\/massage-ostsee.com\/?page_id=7"},"modified":"2025-01-31T11:13:11","modified_gmt":"2025-01-31T10:13:11","slug":"preise","status":"publish","type":"page","link":"https:\/\/www.deineruhigemitte.de\/?page_id=7","title":{"rendered":"Preise"},"content":{"rendered":"\n<h2 class=\"wp-block-heading\" id=\"cc-m-header-14744418824\">MEINE DIENSTLEISTUNGEN F\u00dcR K\u00d6RPER UND GEIST<\/h2>\n\n\n<div class=\"wp-block-image\">\n<figure class=\"aligncenter size-full is-resized\"><img loading=\"lazy\" decoding=\"async\" width=\"652\" height=\"542\" src=\"https:\/\/www.deineruhigemitte.de\/wp-content\/uploads\/2023\/12\/Buddah.jpg\" alt=\"\" class=\"wp-image-1189\" style=\"width:307px;height:auto\" srcset=\"https:\/\/www.deineruhigemitte.de\/wp-content\/uploads\/2023\/12\/Buddah.jpg 652w, https:\/\/www.deineruhigemitte.de\/wp-content\/uploads\/2023\/12\/Buddah-300x249.jpg 300w\" sizes=\"auto, (max-width: 652px) 100vw, 652px\" \/><\/figure>\n<\/div>\n\n\n<h3 class=\"wp-block-heading\">Kurspreise Qi Gong <\/h3>\n\n\n\n<ul class=\"wp-block-list\">\n<li>Qi Gong, 8er Karte, 4 Monate g\u00fcltig               80,00 \u20ac                                        <\/li>\n<\/ul>\n\n\n\n<h3 class=\"wp-block-heading\"> ,,Sitting Flow&#8220;<\/h3>\n\n\n\n<ul class=\"wp-block-list\">\n<li>6er Karte 40,00 \u20ac<\/li>\n<\/ul>\n\n\n\n<h3 class=\"wp-block-heading\">Preisliste Tuina<\/h3>\n\n\n\n<div class=\"wp-block-columns has-2-columns is-layout-flex wp-container-core-columns-is-layout-9d6595d7 wp-block-columns-is-layout-flex\">\n<div class=\"wp-block-column is-layout-flow wp-block-column-is-layout-flow\">\n<ul class=\"wp-block-list\">\n<li><strong>30 Minuten: 30,00 \u20ac<\/strong><\/li>\n\n\n\n<li><strong>45 Minuten: 45,00\u20ac<\/strong><\/li>\n\n\n\n<li><strong>60 Minuten: 60,00 \u20ac<\/strong> <\/li>\n<\/ul>\n\n\n\n<h3 class=\"wp-block-heading\">Schr\u00f6pfen &amp; Guasha<\/h3>\n\n\n\n<ul class=\"wp-block-list\">\n<li><strong>30 Minuten: 30,00 \u20ac<\/strong><\/li>\n<\/ul>\n\n\n\n<h3 class=\"wp-block-heading\">Akupunktur<\/h3>\n\n\n\n<ul class=\"wp-block-list\">\n<li><strong>Ersttermin:    110,00 \u20ac<\/strong><\/li>\n\n\n\n<li><strong>Folgetermin: 1\u20ac pro Minute<\/strong>, da sich jede Behandlung individuell an das Krankheitsbild anpasst und ich so nicht den zeitlichen Rahmen festlegen kann. Genaueres wird vor Ort zum Ersttermin besprochen wie die Folgebehandlungen zeitlich gestaltet werden<\/li>\n<\/ul>\n\n\n\n<p><strong>Der Ersttermin beinhaltet:<\/strong> Anamnesegespr\u00e4ch, Diagnose und die erste Behandlung! Auswertung des Anamnesebogens und Erstellung des Therapiekonzeptes<\/p>\n\n\n\n<p><strong>Folgetermin beinhaltet:<\/strong> Kurzes Vorgespr\u00e4ch,  individuelle Behandlung, Nachbereitung<\/p>\n<\/div>\n\n\n\n<div class=\"wp-block-column is-layout-flow wp-block-column-is-layout-flow\">\n<figure class=\"wp-block-image size-full is-resized\"><img loading=\"lazy\" decoding=\"async\" width=\"756\" height=\"1008\" src=\"https:\/\/www.deineruhigemitte.de\/wp-content\/uploads\/2023\/12\/Anamnese.jpg\" alt=\"\" class=\"wp-image-1188\" style=\"width:446px;height:auto\" srcset=\"https:\/\/www.deineruhigemitte.de\/wp-content\/uploads\/2023\/12\/Anamnese.jpg 756w, https:\/\/www.deineruhigemitte.de\/wp-content\/uploads\/2023\/12\/Anamnese-225x300.jpg 225w\" sizes=\"auto, (max-width: 756px) 100vw, 756px\" \/><\/figure>\n<\/div>\n<\/div>\n\n\n\n<h3 class=\"wp-block-heading\">Rahmenbedingungen<\/h3>\n\n\n\n<p>Die gesetzlichen Krankenkassen \u00fcbernehmen die Behandlungskosten f\u00fcr Heilpraktikerleistungen nicht. Falls Sie eine Zusatzversicherung f\u00fcr alternative Heilmethoden haben, informieren Sie sich bitte im Vorfeld welche Heilpraktikerleistungen genau von der Zusatzversicherung getragen werden.<br>Sind Sie privat versichert, stelle ich Ihnen gerne eine Rechnung in Anlehnung an die Geb\u00fchrenverordnung der Heilpraktiker aus, die allerdings nicht mehr seit 1985 aktualisiert wurde. Deswegen kann es auch f\u00fcr Privatkassenpatienten zu Mehrkosten kommen, da ich einen festen Satz nehme (siehe oben die Preise), sei es f\u00fcr gesetzlich oder privat Versicherte. <\/p>\n\n\n\n<h3 class=\"wp-block-heading\">Ausfallhonorar<\/h3>\n\n\n\n<p><strong><mark style=\"background-color:rgba(0, 0, 0, 0)\" class=\"has-inline-color has-vivid-red-color\">Bitte 48 Stunden vor dem Termin absagen, wenn der Termin nicht wahrgenommen werden kann!<\/mark><\/strong> <\/p>\n\n\n\n<p><strong><mark style=\"background-color:rgba(0, 0, 0, 0)\" class=\"has-inline-color has-vivid-red-color\">Sollte der Termin am selben Tag ,,spontan&#8220; abgesagt oder vergessen werden, erlaube ich mir den vollen Betrag in Rechnung zu stellen!<\/mark><\/strong><\/p>\n\n\n\n<p><\/p>\n","protected":false},"excerpt":{"rendered":"<p>MEINE DIENSTLEISTUNGEN F\u00dcR K\u00d6RPER UND GEIST Kurspreise Qi Gong ,,Sitting Flow&#8220; Preisliste Tuina Schr\u00f6pfen &amp;&hellip;<\/p>\n","protected":false},"author":1,"featured_media":0,"parent":0,"menu_order":0,"comment_status":"closed","ping_status":"closed","template":"","meta":{"footnotes":""},"class_list":["post-7","page","type-page","status-publish","hentry"],"_links":{"self":[{"href":"https:\/\/www.deineruhigemitte.de\/index.php?rest_route=\/wp\/v2\/pages\/7","targetHints":{"allow":["GET"]}}],"collection":[{"href":"https:\/\/www.deineruhigemitte.de\/index.php?rest_route=\/wp\/v2\/pages"}],"about":[{"href":"https:\/\/www.deineruhigemitte.de\/index.php?rest_route=\/wp\/v2\/types\/page"}],"author":[{"embeddable":true,"href":"https:\/\/www.deineruhigemitte.de\/index.php?rest_route=\/wp\/v2\/users\/1"}],"replies":[{"embeddable":true,"href":"https:\/\/www.deineruhigemitte.de\/index.php?rest_route=%2Fwp%2Fv2%2Fcomments&post=7"}],"version-history":[{"count":60,"href":"https:\/\/www.deineruhigemitte.de\/index.php?rest_route=\/wp\/v2\/pages\/7\/revisions"}],"predecessor-version":[{"id":1368,"href":"https:\/\/www.deineruhigemitte.de\/index.php?rest_route=\/wp\/v2\/pages\/7\/revisions\/1368"}],"wp:attachment":[{"href":"https:\/\/www.deineruhigemitte.de\/index.php?rest_route=%2Fwp%2Fv2%2Fmedia&parent=7"}],"curies":[{"name":"wp","href":"https:\/\/api.w.org\/{rel}","templated":true}]}}