{"id":78,"date":"2019-10-06T14:02:48","date_gmt":"2019-10-06T14:02:48","guid":{"rendered":"http:\/\/massage-ostsee.com\/?page_id=78"},"modified":"2026-02-27T11:06:18","modified_gmt":"2026-02-27T10:06:18","slug":"ueber-mich","status":"publish","type":"page","link":"https:\/\/www.deineruhigemitte.de\/?page_id=78","title":{"rendered":"\u00dcBER MICH"},"content":{"rendered":"\n<h2 class=\"wp-block-heading\" id=\"cc-m-header-14740845824\">WER WISSEN M\u00d6CHTE, WER ICH BIN KANN HIER EIN BISSCHEN LESEN<\/h2>\n\n\n\n<h3 class=\"wp-block-heading\">Ramona Bittner<\/h3>\n\n\n<div class=\"wp-block-image\">\n<figure class=\"aligncenter size-large is-resized\"><img loading=\"lazy\" decoding=\"async\" width=\"1024\" height=\"576\" src=\"https:\/\/www.deineruhigemitte.de\/wp-content\/uploads\/2026\/02\/20190625_183357_HDR-1024x576.jpg\" alt=\"\" class=\"wp-image-1514\" style=\"width:616px;height:auto\" srcset=\"https:\/\/www.deineruhigemitte.de\/wp-content\/uploads\/2026\/02\/20190625_183357_HDR-1024x576.jpg 1024w, https:\/\/www.deineruhigemitte.de\/wp-content\/uploads\/2026\/02\/20190625_183357_HDR-300x169.jpg 300w, https:\/\/www.deineruhigemitte.de\/wp-content\/uploads\/2026\/02\/20190625_183357_HDR-768x432.jpg 768w, https:\/\/www.deineruhigemitte.de\/wp-content\/uploads\/2026\/02\/20190625_183357_HDR-1536x864.jpg 1536w, https:\/\/www.deineruhigemitte.de\/wp-content\/uploads\/2026\/02\/20190625_183357_HDR-2048x1152.jpg 2048w\" sizes=\"auto, (max-width: 1024px) 100vw, 1024px\" \/><\/figure>\n<\/div>\n\n\n<h3 class=\"wp-block-heading\">Hier eine paar Eindr\u00fccke \u00fcber mich und mein Beginn in die Welt der TCM<\/h3>\n\n\n\n<ul class=\"wp-block-list\">\n<li>Ich bin 1988 in Kappeln, an der Schlei geboren und lebte bis zu meinem 19. Lebensjahr in Gelting<\/li>\n\n\n\n<li>2008 bin ich aus beruflichen und privaten Gr\u00fcnden nach NRW zu meinem jetzigen Ehemann gezogen. In NRW absolvierte ich eine kaufm\u00e4nnische Ausbildung im Einzelhandel<\/li>\n\n\n\n<li>2011 habe ich durch ein Familienmitglied die Welt des Qi Gong kennen und leben gelernt<\/li>\n\n\n\n<li>2012 bin ich dann mit meinem Lebensgef\u00e4hrten wieder nach Schleswig-Holstein gezogen. Hier fand ich aber keinen passenden Qi Gong Kurs f\u00fcr mich, sei es aus zeitlichen Gr\u00fcnden oder das geringe Angebot hier an der d\u00e4nischen Grenze. Also musste ich wohl selber ran<\/li>\n\n\n\n<li>2015 war es mir dann m\u00f6glich, dank meiner lieben Eltern, den TCM-Therapeuten am Shen Men Institut(SMI) in D\u00fcsseldorf zu beginnen und 2017 zu absolvieren. Inhalt der Ausbildung: Qi Gong, chinesische Di\u00e4tetik und Tuina (Massage)<\/li>\n\n\n\n<li>Seit Oktober 2022 zugelassene Heilpraktikerin <\/li>\n\n\n\n<li>M\u00e4rz-November 2023: abgeschlossene Ausbildung in klassischer Akupunktur am Shen Men Institut (SMI) in D\u00fcsseldorf<\/li>\n\n\n\n<li>Jan.-Sept. 2024 Fortbildung im ABZ-Nord Kiel<\/li>\n\n\n\n<li>Um mein Wissen zu erweitern bilde ich mich laufend weiter in der TCM, vor allem lerne ich viel in jeder Behandlung die ich geben darf und bin dankbar f\u00fcr das Vertrauen was mir entgegen gebracht wird<\/li>\n<\/ul>\n\n\n\n<h2 class=\"wp-block-heading\"><\/h2>\n","protected":false},"excerpt":{"rendered":"<p>WER WISSEN M\u00d6CHTE, WER ICH BIN KANN HIER EIN BISSCHEN LESEN Ramona Bittner Hier eine&hellip;<\/p>\n","protected":false},"author":2,"featured_media":0,"parent":0,"menu_order":0,"comment_status":"closed","ping_status":"closed","template":"","meta":{"footnotes":""},"class_list":["post-78","page","type-page","status-publish","hentry"],"_links":{"self":[{"href":"https:\/\/www.deineruhigemitte.de\/index.php?rest_route=\/wp\/v2\/pages\/78","targetHints":{"allow":["GET"]}}],"collection":[{"href":"https:\/\/www.deineruhigemitte.de\/index.php?rest_route=\/wp\/v2\/pages"}],"about":[{"href":"https:\/\/www.deineruhigemitte.de\/index.php?rest_route=\/wp\/v2\/types\/page"}],"author":[{"embeddable":true,"href":"https:\/\/www.deineruhigemitte.de\/index.php?rest_route=\/wp\/v2\/users\/2"}],"replies":[{"embeddable":true,"href":"https:\/\/www.deineruhigemitte.de\/index.php?rest_route=%2Fwp%2Fv2%2Fcomments&post=78"}],"version-history":[{"count":31,"href":"https:\/\/www.deineruhigemitte.de\/index.php?rest_route=\/wp\/v2\/pages\/78\/revisions"}],"predecessor-version":[{"id":1519,"href":"https:\/\/www.deineruhigemitte.de\/index.php?rest_route=\/wp\/v2\/pages\/78\/revisions\/1519"}],"wp:attachment":[{"href":"https:\/\/www.deineruhigemitte.de\/index.php?rest_route=%2Fwp%2Fv2%2Fmedia&parent=78"}],"curies":[{"name":"wp","href":"https:\/\/api.w.org\/{rel}","templated":true}]}}