{"id":93,"date":"2019-10-05T14:43:29","date_gmt":"2019-10-05T14:43:29","guid":{"rendered":"http:\/\/massage-ostsee.com\/?page_id=93"},"modified":"2026-02-09T10:41:40","modified_gmt":"2026-02-09T09:41:40","slug":"herkunft-der-tuina-massage","status":"publish","type":"page","link":"https:\/\/www.deineruhigemitte.de\/?page_id=93","title":{"rendered":"TUINA: Massage aus der chinesischen Medizin"},"content":{"rendered":"\n<h2 class=\"wp-block-heading\" id=\"cc-m-header-14745039624\">EINE 5000 JAHRE ALTE TRADITIONELLE BEHANDLUNG STELLT SICH VOR<\/h2>\n\n\n<div class=\"wp-block-image is-resized\">\n<figure class=\"aligncenter size-full\"><img loading=\"lazy\" decoding=\"async\" width=\"640\" height=\"426\" src=\"https:\/\/www.deineruhigemitte.de\/wp-content\/uploads\/2021\/10\/wellness-589774_640.jpg\" alt=\"\" class=\"wp-image-767\" style=\"width:311px;height:auto\" srcset=\"https:\/\/www.deineruhigemitte.de\/wp-content\/uploads\/2021\/10\/wellness-589774_640.jpg 640w, https:\/\/www.deineruhigemitte.de\/wp-content\/uploads\/2021\/10\/wellness-589774_640-300x200.jpg 300w\" sizes=\"auto, (max-width: 640px) 100vw, 640px\" \/><\/figure>\n<\/div>\n\n\n<h4 class=\"wp-block-heading\">Was ist TUINA?<\/h4>\n\n\n\n<p><strong>Tuina<\/strong>&nbsp;bedeutet \u00fcbersetzt:&nbsp;<strong>Schieben&nbsp;(Tui)<\/strong>&nbsp;und&nbsp;<strong>Greifen(Na)<\/strong>, welche eine fast 5000 j\u00e4hrige Tradition in der TCM hat.&nbsp;Es ist eine therapeutische Massageform.<\/p>\n\n\n\n<p>Tuina&nbsp;wird eher in Nord-China angewandt wobei im s\u00fcdlichen Bereich das <strong>Anmo<\/strong>, welche sich auf&nbsp;<strong>dr\u00fccken(An)<\/strong>&nbsp;und&nbsp;<strong>streichen (Mo)<\/strong>&nbsp;bezieht und eine eher sanftere Methode ist. Diese Techniken der&nbsp;Anmo&nbsp;Massage werden auch in der&nbsp;Tuina&nbsp;mit einbezogen.<\/p>\n\n\n\n<p>In der&nbsp;<strong>Tuina<\/strong>&nbsp;wird der K\u00f6rper als Ganzes betrachtet und behandelt. Mein Behandlungsziel ist es den&nbsp;<strong>Qi-Fluss<\/strong>&nbsp;anzuregen und den K\u00f6rper mit dem Prinzip von Yin und Yang in Einklang zu bringen.<\/p>\n\n\n\n<p>Die Akupressur ist ein Teil der&nbsp;<strong>Tuina<\/strong>, indem ich bestimmte Druckpunkte stimuliere, um das Qi\/ Lebensenergie wieder in Fluss zu bringen. Diese Druckpunkte sind gleichzusetzen in der Lokalisation mit den klassischen Akupunkturpunkten.<\/p>\n\n\n\n<p>Bei der&nbsp;<strong>Tuina<\/strong>&nbsp;wird der Mensch als Individuum betrachtet, befragt und auch die Behandlung auf jeden Einzelnen individuell abgestimmt. Denn nur so kann man einen langfristigen Erfolg erzielen. In jedem wird dann das Prinzip von&nbsp;<strong>Yin und Yang<\/strong>&nbsp;angesprochen und die&nbsp;<strong>5<\/strong>&nbsp;<strong>Wandlungsphasen<\/strong>, die jeder in sich tr\u00e4gt, wieder in Einklang gebracht.&nbsp;<\/p>\n\n\n<div class=\"wp-block-image\">\n<figure class=\"aligncenter size-large is-resized\"><img loading=\"lazy\" decoding=\"async\" width=\"1024\" height=\"768\" src=\"https:\/\/www.deineruhigemitte.de\/wp-content\/uploads\/2026\/02\/PXL_20230916_082756365-1024x768.jpg\" alt=\"\" class=\"wp-image-1488\" style=\"aspect-ratio:1.7777777777777777;width:393px;height:auto\" srcset=\"https:\/\/www.deineruhigemitte.de\/wp-content\/uploads\/2026\/02\/PXL_20230916_082756365-1024x768.jpg 1024w, https:\/\/www.deineruhigemitte.de\/wp-content\/uploads\/2026\/02\/PXL_20230916_082756365-300x225.jpg 300w, https:\/\/www.deineruhigemitte.de\/wp-content\/uploads\/2026\/02\/PXL_20230916_082756365-768x576.jpg 768w, https:\/\/www.deineruhigemitte.de\/wp-content\/uploads\/2026\/02\/PXL_20230916_082756365-1536x1152.jpg 1536w, https:\/\/www.deineruhigemitte.de\/wp-content\/uploads\/2026\/02\/PXL_20230916_082756365-2048x1536.jpg 2048w\" sizes=\"auto, (max-width: 1024px) 100vw, 1024px\" \/><\/figure>\n<\/div>\n\n\n<h4 class=\"wp-block-heading\">Wo setze ich Tuina in meiner Praxis ein?<\/h4>\n\n\n\n<div class=\"wp-block-columns is-layout-flex wp-container-core-columns-is-layout-9d6595d7 wp-block-columns-is-layout-flex\">\n<div class=\"wp-block-column is-layout-flow wp-block-column-is-layout-flow\">\n<ul class=\"wp-block-list\">\n<li>Pr\u00e4vention\/Gesunderhaltung<\/li>\n\n\n\n<li>Kopfschmerzen<\/li>\n\n\n\n<li>Gelenkschmerzen<\/li>\n\n\n\n<li>Muskelverspannungen<\/li>\n\n\n\n<li>Immunsystem und Verdauungstrakt st\u00e4rken<\/li>\n\n\n\n<li>Als Erg\u00e4nzung zur Akupunkturbehandlung<\/li>\n<\/ul>\n<\/div>\n<\/div>\n\n\n\n<h4 class=\"wp-block-heading\">Behandlungsablauf in meiner Praxis<\/h4>\n\n\n\n<ul class=\"wp-block-list\">\n<li>der Klient liegt entweder in Bauch oder R\u00fcckenlage. Sollte es k\u00f6rperlich f\u00fcr diesen nicht m\u00f6glich sein geht es nat\u00fcrlich auch im sitzen oder in Seitenlage<\/li>\n\n\n\n<li>ich benutze Handballen, Handgelenke, Fingerspitzen, Fingerkn\u00f6chel oder den Ellenbogen zur Behandlung<\/li>\n\n\n\n<li>eine Erstverschlimmerung nach einer Behandlung kann, muss aber nicht, in den n\u00e4chsten 48 Stunden auftreten, sollte dann aber auch weg sein<\/li>\n\n\n\n<li>es wird der Kopf und alles was dazu geh\u00f6rt mit einbezogen, sowie Hals, R\u00fccken, Arme, H\u00e4nde, Beine und F\u00fc\u00dfe. Von vorne und von hinten<\/li>\n<\/ul>\n\n\n\n<p><\/p>\n","protected":false},"excerpt":{"rendered":"<p>EINE 5000 JAHRE ALTE TRADITIONELLE BEHANDLUNG STELLT SICH VOR Was ist TUINA? Tuina&nbsp;bedeutet \u00fcbersetzt:&nbsp;Schieben&nbsp;(Tui)&nbsp;und&nbsp;Greifen(Na), welche&hellip;<\/p>\n","protected":false},"author":2,"featured_media":0,"parent":0,"menu_order":0,"comment_status":"closed","ping_status":"closed","template":"","meta":{"footnotes":""},"class_list":["post-93","page","type-page","status-publish","hentry"],"_links":{"self":[{"href":"https:\/\/www.deineruhigemitte.de\/index.php?rest_route=\/wp\/v2\/pages\/93","targetHints":{"allow":["GET"]}}],"collection":[{"href":"https:\/\/www.deineruhigemitte.de\/index.php?rest_route=\/wp\/v2\/pages"}],"about":[{"href":"https:\/\/www.deineruhigemitte.de\/index.php?rest_route=\/wp\/v2\/types\/page"}],"author":[{"embeddable":true,"href":"https:\/\/www.deineruhigemitte.de\/index.php?rest_route=\/wp\/v2\/users\/2"}],"replies":[{"embeddable":true,"href":"https:\/\/www.deineruhigemitte.de\/index.php?rest_route=%2Fwp%2Fv2%2Fcomments&post=93"}],"version-history":[{"count":29,"href":"https:\/\/www.deineruhigemitte.de\/index.php?rest_route=\/wp\/v2\/pages\/93\/revisions"}],"predecessor-version":[{"id":1489,"href":"https:\/\/www.deineruhigemitte.de\/index.php?rest_route=\/wp\/v2\/pages\/93\/revisions\/1489"}],"wp:attachment":[{"href":"https:\/\/www.deineruhigemitte.de\/index.php?rest_route=%2Fwp%2Fv2%2Fmedia&parent=93"}],"curies":[{"name":"wp","href":"https:\/\/api.w.org\/{rel}","templated":true}]}}